{"id":86,"date":"2021-03-01T14:58:30","date_gmt":"2021-03-01T14:58:30","guid":{"rendered":"https:\/\/alexander-frings.de\/?page_id=86"},"modified":"2021-03-01T14:58:30","modified_gmt":"2021-03-01T14:58:30","slug":"datenschutz","status":"publish","type":"page","link":"https:\/\/alexander-frings.de\/?page_id=86","title":{"rendered":"datenschutz"},"content":{"rendered":"\n<h2 class=\"wp-block-heading\">Datenschutzerkl\u00e4rung:<\/h2>\n\n\n\n<p>Datenschutz Die Betreiber dieser Webseite nehmen den Schutz Ihrer pers\u00f6nlichen Daten sehr ernst. Wir behandeln Ihre personenbezogenen Daten vertraulich und entsprechend der gesetzlichen Datenschutzvorschriften sowie dieser Datenschutzerkl\u00e4rung. Die Nutzung unserer Webseite ist in der Regel ohne Angabe personenbezogener Daten m\u00f6glich.<br>Soweit auf unseren Seiten personenbezogene Daten (beispielsweise Name, Anschrift oder E-Mail-Adressen) erhoben werden, erfolgt dies, soweit m\u00f6glich, stets auf freiwilliger Basis.<br>Diese Daten werden ohne Ihre ausdr\u00fcckliche Zustimmung nicht an Dritte weitergegeben. Wir weisen darauf hin, dass die Daten\u00fcbertragung im Internet (z.B. bei der Kommunikation per E-Mail) Sicherheitsl\u00fccken aufweisen kann. Ein l\u00fcckenloser Schutz der Daten vor dem Zugriff<br>durch Dritte ist nicht m\u00f6glich.<\/p>\n\n\n\n<p><strong>Server-Log-Files:<\/strong><br>Der Provider der Seiten erhebt und speichert automatisch Informationen in so genannten<br>Server-Log Files, die Ihr Browser automatisch \u00fcbermittelt.<br>Dies sind: Browsertyp und Browserversion, verwendetes Betriebssystem, Referrer URL,<br>Hostname des zugreifenden Rechners sowie Datum und Uhrzeit der Serveranfrage.<br>Diese Daten sind nicht bestimmten Personen zuordenbar. Eine Zusammenf\u00fchrung dieser<br>Daten mit anderen Datenquellen wird nicht vorgenommen.<br>Wir behalten uns vor, diese Daten nachtr\u00e4glich zu pr\u00fcfen, wenn uns konkrete<br>Anhaltspunkte f\u00fcr eine rechtswidrige Nutzung bekannt werden.<\/p>\n\n\n\n<p><strong>Cookies:<\/strong><br>Die Internetseiten verwenden teilweise so genannte Cookies. Cookies richten auf Ihrem Rechner&nbsp;keinen Schaden an und enthalten keine Viren.<br>Cookies dienen dazu, unser Angebot nutzerfreundlicher, effektiver und sicherer zu machen.<br>Cookies sind kleine Textdateien, die auf Ihrem Rechner abgelegt werden und die Ihr Browser<br>speichert. Die meisten der von uns verwendeten Cookies sind so genannte \u201eSession-Cookies\u201c.<br>Sie werden nach Ende Ihres Besuchs automatisch gel\u00f6scht. Andere Cookies bleiben auf Ihrem&nbsp;Endger\u00e4t gespeichert, bis Sie diese l\u00f6schen. Diese Cookies erm\u00f6glichen es uns, Ihren Browser beim&nbsp;n\u00e4chsten Besuch wieder zuerkennen. Sie k\u00f6nnen Ihren Browser so einstellen, dass Sie \u00fcber das&nbsp;Setzen von Cookies informiert werden und Cookies nur im Einzelfall erlauben, die Annahme von&nbsp;Cookies f\u00fcr bestimmte F\u00e4lle oder generell ausschlie\u00dfen sowie das automatische L\u00f6schen der<br>Cookies beim Schlie\u00dfen des Browser aktivieren.<\/p>\n\n\n\n<p>Bei der Deaktivierung von Cookies kann die Funktionalit\u00e4t dieser Website eingeschr\u00e4nkt sein.<br>Kontaktaufnahme per E-Mail: Wenn Sie uns per E-Mail Anfragen zukommen lassen, werden Ihre&nbsp;Angaben aus der Anfrage inklusive der von Ihnen dort angegebenen Kontaktdaten zwecks Bearbeitung&nbsp;der Anfrage und f\u00fcr den Fall von Anschlussfragen bei uns gespeichert.<br>Diese Daten geben wir nicht ohne Ihre Einwilligung weiter.<\/p>\n\n\n\n<p>Recht auf Auskunft, L\u00f6schung, Sperrung: Sie haben jederzeit das Recht auf unentgeltliche Auskunft&nbsp;\u00fcber Ihre gespeicherten personenbezogenen Daten, deren Herkunft und Empf\u00e4nger und den Zweck&nbsp;der Datenverarbeitung sowie ein Recht auf Berichtigung, Sperrung oder L\u00f6schung dieser Daten.<br>Hierzu sowie zu weiteren Fragen zum Thema personenbezogene Daten k\u00f6nnen Sie sich jederzeit&nbsp;unter der oben angegebenen Adresse an uns wenden.<\/p>\n\n\n\n<p>Insbesondere werden Inhalte Dritter als solche gekennzeichnet. Sollten Sie trotzdem auf eine&nbsp;Urheberrechtsverletzung aufmerksam werden, bitten wir um einen entsprechenden Hinweis.<br>Bei Bekanntwerden von Rechtsverletzungen werden wir derartige Inhalte umgehend entfernen.<\/p>\n\n\n\n<p>Quelle:&nbsp;<a href=\"http:\/\/www.e-recht24.de\/\">e-recht24.de<\/a><\/p>\n\n\n\n<p>m Falle einer Verletzung der gesetzlichen Bestimmungen oder der fremden Rechte Dritter in Bezug auf Inhalt oder Aufmachung dieser Seiten, bitte ich um eine Nachricht ohne Kostennote.<\/p>\n\n\n\n<p>Die zu Recht beanstandeten Passagen werde ich unverz\u00fcglich entfernen, ohne das die Einschaltung eines Rechtsbeistandes ihrerseits notwendig ist.<\/p>\n\n\n\n<p>Alle von Ihnen ausgel\u00f6sten Kosten werde ich zur\u00fcckweisen, sofern keine vorherige Kontaktaufnahme erfolgt ist und gegebenenfalls Gegenklage einreichen, mit Bezug auf die vorgenannten Bestimmungen.<\/p>\n","protected":false},"excerpt":{"rendered":"<p>Datenschutzerkl\u00e4rung: Datenschutz Die Betreiber dieser Webseite nehmen den Schutz Ihrer pers\u00f6nlichen Daten sehr ernst. Wir behandeln Ihre personenbezogenen Daten vertraulich und entsprechend der gesetzlichen Datenschutzvorschriften sowie dieser Datenschutzerkl\u00e4rung. Die Nutzung unserer Webseite ist in der Regel ohne Angabe personenbezogener Daten m\u00f6glich.Soweit auf unseren Seiten personenbezogene Daten (beispielsweise Name, Anschrift oder E-Mail-Adressen) erhoben werden, erfolgt dies, &hellip; <\/p>\n<p class=\"link-more\"><a href=\"https:\/\/alexander-frings.de\/?page_id=86\" class=\"more-link\"><span class=\"screen-reader-text\">\u201edatenschutz\u201c<\/span> weiterlesen<\/a><\/p>\n","protected":false},"author":1,"featured_media":0,"parent":0,"menu_order":0,"comment_status":"closed","ping_status":"closed","template":"","meta":{"footnotes":""},"_links":{"self":[{"href":"https:\/\/alexander-frings.de\/index.php?rest_route=\/wp\/v2\/pages\/86"}],"collection":[{"href":"https:\/\/alexander-frings.de\/index.php?rest_route=\/wp\/v2\/pages"}],"about":[{"href":"https:\/\/alexander-frings.de\/index.php?rest_route=\/wp\/v2\/types\/page"}],"author":[{"embeddable":true,"href":"https:\/\/alexander-frings.de\/index.php?rest_route=\/wp\/v2\/users\/1"}],"replies":[{"embeddable":true,"href":"https:\/\/alexander-frings.de\/index.php?rest_route=%2Fwp%2Fv2%2Fcomments&post=86"}],"version-history":[{"count":1,"href":"https:\/\/alexander-frings.de\/index.php?rest_route=\/wp\/v2\/pages\/86\/revisions"}],"predecessor-version":[{"id":87,"href":"https:\/\/alexander-frings.de\/index.php?rest_route=\/wp\/v2\/pages\/86\/revisions\/87"}],"wp:attachment":[{"href":"https:\/\/alexander-frings.de\/index.php?rest_route=%2Fwp%2Fv2%2Fmedia&parent=86"}],"curies":[{"name":"wp","href":"https:\/\/api.w.org\/{rel}","templated":true}]}}