{"id":84,"date":"2021-03-01T14:57:42","date_gmt":"2021-03-01T14:57:42","guid":{"rendered":"https:\/\/alexander-frings.de\/?page_id=84"},"modified":"2021-03-01T14:59:29","modified_gmt":"2021-03-01T14:59:29","slug":"impressum","status":"publish","type":"page","link":"https:\/\/alexander-frings.de\/?page_id=84","title":{"rendered":"impressum"},"content":{"rendered":"\n<p>Impressum Angaben gem\u00e4\u00df \u00a7 5 TMG<\/p>\n\n\n\n<p>Alexander Frings, K\u00f6nigstr. 30 , 52064 Aachen<\/p>\n\n\n\n<p>email: mail(@)alexander-frings.de<\/p>\n\n\n\n<p><strong>Verantwortlich f\u00fcr den Inhalt nach \u00a7 55 Abs. 2 RStV<\/strong><br>Alexander Frings, K\u00f6nigstr. 30 , 52064 Aachen<br>Haftung f\u00fcr Inhalte Als Diensteanbieter sind wir gem\u00e4\u00df \u00a7 7 Abs.1 TMG f\u00fcr eigene Inhalte<br>auf diesen Seiten nach den allgemeinen Gesetzen verantwortlich.<br><br><em>Nach \u00a7\u00a7 8 bis 10 TMG sind wir als Diensteanbieter jedoch nicht verpflichtet, \u00fcbermittelte<\/em><br><em>oder gespeicherte fremde Informationen zu \u00fcberwachen oder nach Umst\u00e4nden zu forschen,<\/em><br><em>die auf eine rechtswidrige T\u00e4tigkeit hinweisen.<\/em>&nbsp;Verpflichtungen zur Entfernung oder<br>Sperrung der Nutzung von Informationen nach den allgemeinen Gesetzen bleiben hiervon<br>unber\u00fchrt. Eine diesbez\u00fcgliche Haftung ist jedoch erst ab dem Zeitpunkt der Kenntnis einer<br>konkreten Rechtsverletzung m\u00f6glich. Bei Bekanntwerden von entsprechenden<br>Rechtsverletzungen werden wir diese Inhalte umgehend entfernen.<br><br><strong>Haftung f\u00fcr Links:<\/strong><br>Unser Angebot enth\u00e4lt Links zu externen Websites Dritter, auf deren Inhalte wir keinen<br>Einfluss haben.<br>Deshalb k\u00f6nnen wir f\u00fcr diese fremden Inhalte auch keine Gew\u00e4hr \u00fcbernehmen.<br>F\u00fcr die Inhalte der verlinkten Seiten ist stets der jeweilige Anbieter oder Betreiber der Seiten<br>verantwortlich. Die verlinkten Seiten wurden zum Zeitpunkt der Verlinkung auf m\u00f6gliche<br>Rechtsverst\u00f6\u00dfe \u00fcberpr\u00fcft.<br>Rechtswidrige Inhalte waren zum Zeitpunkt der Verlinkung nicht erkennbar.<br>Eine permanente inhaltliche Kontrolle der verlinkten Seiten ist jedoch ohne konkrete<br>Anhaltspunkte einer Rechtsverletzung nicht zumutbar. Bei Bekanntwerden von<br>Rechtsverletzungen werden wir derartige Links umgehend entfernen.<\/p>\n\n\n\n<p><strong>Zus\u00e4tzlicher erweiterter Haftungsausschluss f\u00fcr externe Links:<\/strong><br>Wir haben auf unseren Seiten Links zu anderen Seiten im Internet gelegt. F\u00fcr alle diese Links gilt: Wir erkl\u00e4ren ausdr\u00fccklich, dass wir keinerlei Einfluss auf die Gestaltung und die Inhalte der gelinkten Seiten haben. Deshalb distanzieren wir uns hiermit ausdr\u00fccklich von allen Inhalten aller gelinkten Seiten auf unserer Homepage und machen uns diese Inhalte nicht zu Eigen. Diese Erkl\u00e4rung gilt f\u00fcr alle auf unserer Homepage angezeigten Links und f\u00fcr alle Inhalte der Seiten, zu denen diese Links f\u00fchren.<\/p>\n\n\n\n<p><br><br><strong>Urheberrecht:<\/strong><br>Die durch die Seitenbetreiber erstellten Inhalte und Werke auf diesen Seiten unterliegen<br>dem deutschen Urheberrecht.<br>Die Vervielf\u00e4ltigung, Bearbeitung, Verbreitung und jede Art der Verwertung au\u00dferhalb der<br>Grenzen des Urheberrechtes bed\u00fcrfen der schriftlichen Zustimmung des jeweiligen Autors<br>bzw. Erstellers. Downloads und Kopien dieser Seite sind nur f\u00fcr den privaten, nicht<br>kommerziellen Gebrauch gestattet.<br>Soweit die Inhalte auf dieser Seite nicht vom Betreiber erstellt wurden, werden die<br>Urheberrechte Dritter beachtet.<\/p>\n\n\n\n<p><br>Ein kopieren von Texten und Bildmaterialien ist generell untersagt und darf nur mit ausdr\u00fccklicher Einwilligung der Rechteinhaber erfolgen.<br>Logos zu Alexander Frings und das dazugeh\u00f6rige Bildmaterial sowie Bildkompositionen sind Geistiges Eigentum von Alexander Frings. Fotografien zu Alexander Frings unterliegen dem Copyright \u00a92021. Fotomaterialen zu Alexander Frings wurden mit ausdr\u00fccklicher Genehmigung der Urheber zu Marketingzwecken zur Verf\u00fcgung gestellt. Ein Kopieren und vervielf\u00e4ltigen zu anderen Zwecken ist ausdr\u00fccklich untersagt und bedarf der ausdr\u00fccklichen Genehmigung derer.<\/p>\n\n\n\n<p><strong><em>Alle auf den Webseiten verwendeten Logos, Markenzeichen, Markennamen und Produktabbildungen&nbsp;<br>sind das Eigentum der jeweiligen Hersteller bzw. Rechteinhaber.<\/em><\/strong><br><strong><br>Haftungshinweis:<\/strong><br>Trotz sorgf\u00e4ltiger inhaltlicher Kontrolle \u00fcbernehmen wir keine Haftung f\u00fcr die Inhalte<br>externer Links.<br>F\u00fcr den Inhalt der verlinkten Seiten sind ausschlie\u00dflich deren Betreiber verantwortlich.<br>Markenrecht: Wir weisen darauf hin, da\u00df alle verwendeten Markennamen der jeweiligen<br>Firmen oder Einrichtungen dem allgemeinen Warenzeichen-, Marken- oder Patentrechtlichem<br>Schutz unterliegen. Alle Angebote freibleibend, Irrt\u00fcmer vorbehalten.<\/p>\n","protected":false},"excerpt":{"rendered":"<p>Impressum Angaben gem\u00e4\u00df \u00a7 5 TMG Alexander Frings, K\u00f6nigstr. 30 , 52064 Aachen email: mail(@)alexander-frings.de Verantwortlich f\u00fcr den Inhalt nach \u00a7 55 Abs. 2 RStVAlexander Frings, K\u00f6nigstr. 30 , 52064 AachenHaftung f\u00fcr Inhalte Als Diensteanbieter sind wir gem\u00e4\u00df \u00a7 7 Abs.1 TMG f\u00fcr eigene Inhalteauf diesen Seiten nach den allgemeinen Gesetzen verantwortlich. Nach \u00a7\u00a7 8 &hellip; <\/p>\n<p class=\"link-more\"><a href=\"https:\/\/alexander-frings.de\/?page_id=84\" class=\"more-link\"><span class=\"screen-reader-text\">\u201eimpressum\u201c<\/span> weiterlesen<\/a><\/p>\n","protected":false},"author":1,"featured_media":0,"parent":0,"menu_order":0,"comment_status":"closed","ping_status":"closed","template":"","meta":{"footnotes":""},"_links":{"self":[{"href":"https:\/\/alexander-frings.de\/index.php?rest_route=\/wp\/v2\/pages\/84"}],"collection":[{"href":"https:\/\/alexander-frings.de\/index.php?rest_route=\/wp\/v2\/pages"}],"about":[{"href":"https:\/\/alexander-frings.de\/index.php?rest_route=\/wp\/v2\/types\/page"}],"author":[{"embeddable":true,"href":"https:\/\/alexander-frings.de\/index.php?rest_route=\/wp\/v2\/users\/1"}],"replies":[{"embeddable":true,"href":"https:\/\/alexander-frings.de\/index.php?rest_route=%2Fwp%2Fv2%2Fcomments&post=84"}],"version-history":[{"count":2,"href":"https:\/\/alexander-frings.de\/index.php?rest_route=\/wp\/v2\/pages\/84\/revisions"}],"predecessor-version":[{"id":90,"href":"https:\/\/alexander-frings.de\/index.php?rest_route=\/wp\/v2\/pages\/84\/revisions\/90"}],"wp:attachment":[{"href":"https:\/\/alexander-frings.de\/index.php?rest_route=%2Fwp%2Fv2%2Fmedia&parent=84"}],"curies":[{"name":"wp","href":"https:\/\/api.w.org\/{rel}","templated":true}]}}